{"id":104,"date":"2025-08-08T20:54:40","date_gmt":"2025-08-08T20:54:40","guid":{"rendered":"http:\/\/chnproz.cluster100.hosting.ovh.net\/?page_id=104"},"modified":"2025-10-12T10:45:53","modified_gmt":"2025-10-12T10:45:53","slug":"bed-n-breakfast","status":"publish","type":"page","link":"https:\/\/ladamedulac.com\/index.php\/les-plaisirs-du-palais\/bed-n-breakfast\/","title":{"rendered":"La maison d&rsquo;h\u00f4tes propose ses richesses"},"content":{"rendered":"<p class=\"highlight\">R\u00e9galez vous de produits locaux<\/p>\n<p>En s\u00e9journant chez nous, vous pouvez b\u00e9n\u00e9ficier bien \u00e9videmment du petit-d\u00e9jeuner, sucr\u00e9 sal\u00e9, compris dans votre Chambre d&rsquo;H\u00f4tes ou Bed and Breakfast garni de mets locaux mais aussi, en suppl\u00e9ment, d&rsquo;un diner en commun une fois par semaine avec des plats des pays de Savoie que nous pr\u00e9parons pour tous. Le vin est compris dans le d\u00eener, le choix des vins oscillera entre des vins de Savoie et les coups de c\u0153ur de St\u00e9phane dont certains qu&rsquo;il a vendang\u00e9 lui-m\u00eame. Ils sont en cave de garde sur place.<\/p>\n\n\n<p><\/p>\n","protected":false},"excerpt":{"rendered":"<p>R\u00e9galez vous de produits locaux En s\u00e9journant chez nous, vous pouvez b\u00e9n\u00e9ficier bien \u00e9videmment du petit-d\u00e9jeuner, sucr\u00e9 sal\u00e9, compris dans votre Chambre d&rsquo;H\u00f4tes ou Bed and Breakfast garni de mets locaux mais aussi, en suppl\u00e9ment, d&rsquo;un diner en commun une fois par semaine avec des plats des pays de Savoie que nous pr\u00e9parons pour tous. [&hellip;]<\/p>\n","protected":false},"author":1,"featured_media":534,"parent":369,"menu_order":0,"comment_status":"open","ping_status":"open","template":"","meta":{"_glsr_average":0,"_glsr_ranking":0,"_glsr_reviews":0,"footnotes":"","_links_to":"","_links_to_target":""},"class_list":["post-104","page","type-page","status-publish","has-post-thumbnail","hentry"],"_links":{"self":[{"href":"https:\/\/ladamedulac.com\/index.php\/wp-json\/wp\/v2\/pages\/104","targetHints":{"allow":["GET"]}}],"collection":[{"href":"https:\/\/ladamedulac.com\/index.php\/wp-json\/wp\/v2\/pages"}],"about":[{"href":"https:\/\/ladamedulac.com\/index.php\/wp-json\/wp\/v2\/types\/page"}],"author":[{"embeddable":true,"href":"https:\/\/ladamedulac.com\/index.php\/wp-json\/wp\/v2\/users\/1"}],"replies":[{"embeddable":true,"href":"https:\/\/ladamedulac.com\/index.php\/wp-json\/wp\/v2\/comments?post=104"}],"version-history":[{"count":6,"href":"https:\/\/ladamedulac.com\/index.php\/wp-json\/wp\/v2\/pages\/104\/revisions"}],"predecessor-version":[{"id":552,"href":"https:\/\/ladamedulac.com\/index.php\/wp-json\/wp\/v2\/pages\/104\/revisions\/552"}],"up":[{"embeddable":true,"href":"https:\/\/ladamedulac.com\/index.php\/wp-json\/wp\/v2\/pages\/369"}],"wp:featuredmedia":[{"embeddable":true,"href":"https:\/\/ladamedulac.com\/index.php\/wp-json\/wp\/v2\/media\/534"}],"wp:attachment":[{"href":"https:\/\/ladamedulac.com\/index.php\/wp-json\/wp\/v2\/media?parent=104"}],"curies":[{"name":"wp","href":"https:\/\/api.w.org\/{rel}","templated":true}]}}