{"id":113,"date":"2025-08-08T20:54:40","date_gmt":"2025-08-08T20:54:40","guid":{"rendered":"http:\/\/chnproz.cluster100.hosting.ovh.net\/?page_id=113"},"modified":"2025-11-24T10:57:38","modified_gmt":"2025-11-24T10:57:38","slug":"accommodation","status":"publish","type":"page","link":"https:\/\/ladamedulac.com\/index.php\/accommodation\/","title":{"rendered":"Nos chambres"},"content":{"rendered":"<p>La Dame du lac vous accueille dans deux espaces. Une chambre double, \u00ab\u00a0Ambiance nautique\u00a0\u00bb, au premier \u00e9tage avec lit queen size, bureau, balcon et une salle de douche, toilettes sur le pallier \u00e0 partager avec les autres voyageurs. Un grand espace au deuxi\u00e8me \u00e9tage \u00ab\u00a0Esprit Penthouse\u00a0\u00bb, avec lit king size, deux lits une place, un coin lavabo, une petite salle t\u00e9l\u00e9 et jeux vid\u00e9os, un bureau et une grande terrasse avec un salon de terrasse tr\u00e8s accueillant.\u00a0<\/p>\n\n\n<script type=\"text\/javascript\" src=\"https:\/\/gadget.open-system.fr\/widgets-libs\/rel\/noyau-1.0.min.js\"><\/script>\n<script type=\"text\/javascript\">\n( function() {\n\tvar widgetProduit = AllianceReseaux.Widget.Instance( \"Produit\", { idPanier:\"FVMUFRU\", idIntegration:707, langue:\"fr\", ui:\"OSCH-134484\" } );\n\twidgetProduit.PreApp(\"planning.actif\", true);\n\twidgetProduit.PreApp(\"planning.nbMaxProduits\", 100);\n\twidgetProduit.Initialise();\n})();\n<\/script>\n\n<div id=\"widget-produit-OSCH-134484\"><\/div>\n\n\n\n\n<p><\/p>\n","protected":false},"excerpt":{"rendered":"<p>La Dame du lac vous accueille dans deux espaces. Une chambre double, \u00ab\u00a0Ambiance nautique\u00a0\u00bb, au premier \u00e9tage avec lit queen size, bureau, balcon et une salle de douche, toilettes sur le pallier \u00e0 partager avec les autres voyageurs. Un grand espace au deuxi\u00e8me \u00e9tage \u00ab\u00a0Esprit Penthouse\u00a0\u00bb, avec lit king size, deux lits une place, un [&hellip;]<\/p>\n","protected":false},"author":1,"featured_media":198,"parent":0,"menu_order":0,"comment_status":"open","ping_status":"open","template":"","meta":{"_glsr_average":0,"_glsr_ranking":0,"_glsr_reviews":0,"footnotes":"","_links_to":"","_links_to_target":""},"class_list":["post-113","page","type-page","status-publish","has-post-thumbnail","hentry"],"_links":{"self":[{"href":"https:\/\/ladamedulac.com\/index.php\/wp-json\/wp\/v2\/pages\/113","targetHints":{"allow":["GET"]}}],"collection":[{"href":"https:\/\/ladamedulac.com\/index.php\/wp-json\/wp\/v2\/pages"}],"about":[{"href":"https:\/\/ladamedulac.com\/index.php\/wp-json\/wp\/v2\/types\/page"}],"author":[{"embeddable":true,"href":"https:\/\/ladamedulac.com\/index.php\/wp-json\/wp\/v2\/users\/1"}],"replies":[{"embeddable":true,"href":"https:\/\/ladamedulac.com\/index.php\/wp-json\/wp\/v2\/comments?post=113"}],"version-history":[{"count":11,"href":"https:\/\/ladamedulac.com\/index.php\/wp-json\/wp\/v2\/pages\/113\/revisions"}],"predecessor-version":[{"id":635,"href":"https:\/\/ladamedulac.com\/index.php\/wp-json\/wp\/v2\/pages\/113\/revisions\/635"}],"wp:featuredmedia":[{"embeddable":true,"href":"https:\/\/ladamedulac.com\/index.php\/wp-json\/wp\/v2\/media\/198"}],"wp:attachment":[{"href":"https:\/\/ladamedulac.com\/index.php\/wp-json\/wp\/v2\/media?parent=113"}],"curies":[{"name":"wp","href":"https:\/\/api.w.org\/{rel}","templated":true}]}}