{"id":415,"date":"2025-08-20T08:00:40","date_gmt":"2025-08-20T08:00:40","guid":{"rendered":"http:\/\/chnproz.cluster100.hosting.ovh.net\/?page_id=415"},"modified":"2025-08-20T08:00:41","modified_gmt":"2025-08-20T08:00:41","slug":"vos-loisirs","status":"publish","type":"page","link":"https:\/\/ladamedulac.com\/index.php\/vos-loisirs\/","title":{"rendered":"Vos loisirs"},"content":{"rendered":"\n<p>A moins de 300m de la piste cyclable qui fait le tour du Lac et relie Annecy \u00e0 Albertville, les d\u00e9placements en v\u00e9lo sont une habitude quotidienne. 650m vous s\u00e9parerons de la plage sous forme de grandes pelouses et de pontons. Au pied des Bauges, du Semnoz et du Beaufortain, les possibilit\u00e9s d&rsquo;activit\u00e9s de loisirs sont infinies et nous vous proposons du mat\u00e9riel pour cela.<\/p>\n\n\n<style>.wp-show-posts-columns#wpsp-410 {margin-left: -2em; }.wp-show-posts-columns#wpsp-410 .wp-show-posts-inner {margin: 0 0 2em 2em; }<\/style><section id=\"wpsp-410\" class=\" wp-show-posts-columns wp-show-posts\" style=\"\"><article class=\" wp-show-posts-single post-397 activite type-activite status-publish has-post-thumbnail hentry wpsp-col-4\" itemtype=\"http:\/\/schema.org\/CreativeWork\" itemscope><div class=\"wp-show-posts-inner\" style=\"\">\t\t<div class=\"wp-show-posts-image  wpsp-image-center \">\n\t\t\t<a href=\"https:\/\/ladamedulac.com\/index.php\/activite\/velos-a-dispositions\/\"  title=\"V\u00e9los \u00e0 dispositions\"><img loading=\"lazy\" decoding=\"async\" width=\"2560\" height=\"853\" src=\"https:\/\/ladamedulac.com\/wp-content\/uploads\/2025\/08\/VTT-3-scaled.png\" class=\"attachment-full size-full wp-post-image\" alt=\"\" itemprop=\"image\" srcset=\"https:\/\/ladamedulac.com\/wp-content\/uploads\/2025\/08\/VTT-3-scaled.png 2560w, https:\/\/ladamedulac.com\/wp-content\/uploads\/2025\/08\/VTT-3-300x100.png 300w, https:\/\/ladamedulac.com\/wp-content\/uploads\/2025\/08\/VTT-3-1024x341.png 1024w, https:\/\/ladamedulac.com\/wp-content\/uploads\/2025\/08\/VTT-3-768x256.png 768w, https:\/\/ladamedulac.com\/wp-content\/uploads\/2025\/08\/VTT-3-1536x512.png 1536w, https:\/\/ladamedulac.com\/wp-content\/uploads\/2025\/08\/VTT-3-2048x682.png 2048w, https:\/\/ladamedulac.com\/wp-content\/uploads\/2025\/08\/VTT-3-18x6.png 18w\" sizes=\"auto, (max-width: 2560px) 100vw, 2560px\" \/><\/a>\t\t<\/div>\n\t\t\t\t\t\t\t\t<header class=\"wp-show-posts-entry-header\">\n\t\t\t\t\t\t\t<h3 class=\"wp-show-posts-entry-title\" itemprop=\"headline\"><a href=\"https:\/\/ladamedulac.com\/index.php\/activite\/velos-a-dispositions\/\" rel=\"bookmark\">V\u00e9los \u00e0 dispositions<\/a><\/h3><div class=\"wp-show-posts-entry-meta wp-show-posts-entry-meta-below-title post-meta-inline\"><span class=\"wp-show-posts-posted-on wp-show-posts-meta\">\n\t\t\t\t\t<a href=\"https:\/\/ladamedulac.com\/index.php\/activite\/velos-a-dispositions\/\" title=\"8h14\" rel=\"bookmark\"><time class=\"wp-show-posts-entry-date published\" datetime=\"2025-08-20T08:14:12+00:00\" itemprop=\"datePublished\">20 ao\u00fbt 2025<\/time><\/a>\n\t\t\t\t<\/span><\/div>\t\t\t\t\t\t<\/header><!-- .entry-header -->\n\t\t\t\t\t\t\t\t\t\t\t<div class=\"wp-show-posts-entry-summary\" itemprop=\"text\">\n\t\t\t\t\t\t\t<p>Deux jolis v\u00e9los de villes de taille L et M, ils sont anciens, et parfaitement entretenus. Ils vous transporteront avec&#8230;<\/p>\n\t\t\t\t\t\t<\/div><!-- .entry-summary -->\n\t\t\t\t\t<div class=\"wpsp-read-more\"><a title=\"V\u00e9los \u00e0 dispositions\" class=\"wp-show-posts-read-more\" href=\"https:\/\/ladamedulac.com\/index.php\/activite\/velos-a-dispositions\/\">En savoir plus<\/a><\/div><\/div><!-- wp-show-posts-inner --><\/article><article class=\" wp-show-posts-single post-407 activite type-activite status-publish has-post-thumbnail hentry wpsp-col-4\" itemtype=\"http:\/\/schema.org\/CreativeWork\" itemscope><div class=\"wp-show-posts-inner\" style=\"\">\t\t<div class=\"wp-show-posts-image  wpsp-image-center \">\n\t\t\t<a href=\"https:\/\/locationladamedulac.blogspot.com\/p\/nos-randonnees-favorites-portee-de-velo.html\"  title=\"Des id\u00e9es sorties au fil de notre blog\"><img loading=\"lazy\" decoding=\"async\" width=\"2560\" height=\"788\" src=\"https:\/\/ladamedulac.com\/wp-content\/uploads\/2025\/08\/Duingt-Taillefer-01-scaled.jpg\" class=\"attachment-full size-full wp-post-image\" alt=\"\" itemprop=\"image\" srcset=\"https:\/\/ladamedulac.com\/wp-content\/uploads\/2025\/08\/Duingt-Taillefer-01-scaled.jpg 2560w, https:\/\/ladamedulac.com\/wp-content\/uploads\/2025\/08\/Duingt-Taillefer-01-300x92.jpg 300w, https:\/\/ladamedulac.com\/wp-content\/uploads\/2025\/08\/Duingt-Taillefer-01-1024x315.jpg 1024w, https:\/\/ladamedulac.com\/wp-content\/uploads\/2025\/08\/Duingt-Taillefer-01-768x236.jpg 768w, https:\/\/ladamedulac.com\/wp-content\/uploads\/2025\/08\/Duingt-Taillefer-01-1536x473.jpg 1536w, https:\/\/ladamedulac.com\/wp-content\/uploads\/2025\/08\/Duingt-Taillefer-01-2048x631.jpg 2048w, https:\/\/ladamedulac.com\/wp-content\/uploads\/2025\/08\/Duingt-Taillefer-01-18x6.jpg 18w\" sizes=\"auto, (max-width: 2560px) 100vw, 2560px\" \/><\/a>\t\t<\/div>\n\t\t\t\t\t\t\t\t<header class=\"wp-show-posts-entry-header\">\n\t\t\t\t\t\t\t<h3 class=\"wp-show-posts-entry-title\" itemprop=\"headline\"><a href=\"https:\/\/locationladamedulac.blogspot.com\/p\/nos-randonnees-favorites-portee-de-velo.html\" rel=\"bookmark\">Des id\u00e9es sorties au fil de notre blog<\/a><\/h3><div class=\"wp-show-posts-entry-meta wp-show-posts-entry-meta-below-title post-meta-inline\"><span class=\"wp-show-posts-posted-on wp-show-posts-meta\">\n\t\t\t\t\t<a href=\"https:\/\/locationladamedulac.blogspot.com\/p\/nos-randonnees-favorites-portee-de-velo.html\" title=\"8h08\" rel=\"bookmark\"><time class=\"wp-show-posts-entry-date published\" datetime=\"2025-08-20T08:08:03+00:00\" itemprop=\"datePublished\">20 ao\u00fbt 2025<\/time><time class=\"wp-show-posts-updated\" datetime=\"2025-09-15T15:39:18+00:00\" itemprop=\"dateModified\">15 septembre 2025<\/time><\/a>\n\t\t\t\t<\/span><\/div>\t\t\t\t\t\t<\/header><!-- .entry-header -->\n\t\t\t\t\t\t\t\t\t\t\t<div class=\"wp-show-posts-entry-summary\" itemprop=\"text\">\n\t\t\t\t\t\t\t<p>En parcourant le blog de La Dame du Lac vous trouverez des id\u00e9es de sorties, balades et randonn\u00e9es.<\/p>\n\t\t\t\t\t\t<\/div><!-- .entry-summary -->\n\t\t\t\t\t<div class=\"wpsp-read-more\"><a title=\"Des id\u00e9es sorties au fil de notre blog\" class=\"wp-show-posts-read-more\" href=\"https:\/\/locationladamedulac.blogspot.com\/p\/nos-randonnees-favorites-portee-de-velo.html\">En savoir plus<\/a><\/div><\/div><!-- wp-show-posts-inner --><\/article><article class=\" wp-show-posts-single post-393 activite type-activite status-publish has-post-thumbnail hentry wpsp-col-4\" itemtype=\"http:\/\/schema.org\/CreativeWork\" itemscope><div class=\"wp-show-posts-inner\" style=\"\">\t\t<div class=\"wp-show-posts-image  wpsp-image-center \">\n\t\t\t<a href=\"https:\/\/ladamedulac.com\/index.php\/activite\/kayak-double-gonflable\/\"  title=\"Kayak double gonflable\"><img loading=\"lazy\" decoding=\"async\" width=\"1080\" height=\"737\" src=\"https:\/\/ladamedulac.com\/wp-content\/uploads\/2025\/08\/Loisirs-15-1-e1755677704304.jpg\" class=\"attachment-full size-full wp-post-image\" alt=\"\" itemprop=\"image\" srcset=\"https:\/\/ladamedulac.com\/wp-content\/uploads\/2025\/08\/Loisirs-15-1-e1755677704304.jpg 1080w, https:\/\/ladamedulac.com\/wp-content\/uploads\/2025\/08\/Loisirs-15-1-e1755677704304-300x205.jpg 300w, https:\/\/ladamedulac.com\/wp-content\/uploads\/2025\/08\/Loisirs-15-1-e1755677704304-1024x699.jpg 1024w, https:\/\/ladamedulac.com\/wp-content\/uploads\/2025\/08\/Loisirs-15-1-e1755677704304-768x524.jpg 768w, https:\/\/ladamedulac.com\/wp-content\/uploads\/2025\/08\/Loisirs-15-1-e1755677704304-18x12.jpg 18w\" sizes=\"auto, (max-width: 1080px) 100vw, 1080px\" \/><\/a>\t\t<\/div>\n\t\t\t\t\t\t\t\t<header class=\"wp-show-posts-entry-header\">\n\t\t\t\t\t\t\t<h3 class=\"wp-show-posts-entry-title\" itemprop=\"headline\"><a href=\"https:\/\/ladamedulac.com\/index.php\/activite\/kayak-double-gonflable\/\" rel=\"bookmark\">Kayak double gonflable<\/a><\/h3><div class=\"wp-show-posts-entry-meta wp-show-posts-entry-meta-below-title post-meta-inline\"><span class=\"wp-show-posts-posted-on wp-show-posts-meta\">\n\t\t\t\t\t<a href=\"https:\/\/ladamedulac.com\/index.php\/activite\/kayak-double-gonflable\/\" title=\"8h03\" rel=\"bookmark\"><time class=\"wp-show-posts-entry-date published\" datetime=\"2025-08-20T08:03:00+00:00\" itemprop=\"datePublished\">20 ao\u00fbt 2025<\/time><time class=\"wp-show-posts-updated\" datetime=\"2025-08-20T08:13:53+00:00\" itemprop=\"dateModified\">20 ao\u00fbt 2025<\/time><\/a>\n\t\t\t\t<\/span><\/div>\t\t\t\t\t\t<\/header><!-- .entry-header -->\n\t\t\t\t\t\t\t\t\t\t\t<div class=\"wp-show-posts-entry-summary\" itemprop=\"text\">\n\t\t\t\t\t\t\t<p>650m vous s\u00e9parerons de la plage sous forme de grandes pelouses et de pontons. Vous pouvez louer un kayak double&#8230;<\/p>\n\t\t\t\t\t\t<\/div><!-- .entry-summary -->\n\t\t\t\t\t<div class=\"wpsp-read-more\"><a title=\"Kayak double gonflable\" class=\"wp-show-posts-read-more\" href=\"https:\/\/ladamedulac.com\/index.php\/activite\/kayak-double-gonflable\/\">En savoir plus<\/a><\/div><\/div><!-- wp-show-posts-inner --><\/article><article class=\" wp-show-posts-single post-395 activite type-activite status-publish has-post-thumbnail hentry wpsp-col-4\" itemtype=\"http:\/\/schema.org\/CreativeWork\" itemscope><div class=\"wp-show-posts-inner\" style=\"\">\t\t<div class=\"wp-show-posts-image  wpsp-image-center \">\n\t\t\t<a href=\"https:\/\/ladamedulac.com\/index.php\/activite\/stand-up-paddle-racing\/\"  title=\"Stand Up Paddle racing\"><img loading=\"lazy\" decoding=\"async\" width=\"902\" height=\"564\" src=\"https:\/\/ladamedulac.com\/wp-content\/uploads\/2025\/08\/Loisirs-04_cr.jpg\" class=\"attachment-full size-full wp-post-image\" alt=\"\" itemprop=\"image\" srcset=\"https:\/\/ladamedulac.com\/wp-content\/uploads\/2025\/08\/Loisirs-04_cr.jpg 902w, https:\/\/ladamedulac.com\/wp-content\/uploads\/2025\/08\/Loisirs-04_cr-300x188.jpg 300w, https:\/\/ladamedulac.com\/wp-content\/uploads\/2025\/08\/Loisirs-04_cr-768x480.jpg 768w, https:\/\/ladamedulac.com\/wp-content\/uploads\/2025\/08\/Loisirs-04_cr-18x12.jpg 18w\" sizes=\"auto, (max-width: 902px) 100vw, 902px\" \/><\/a>\t\t<\/div>\n\t\t\t\t\t\t\t\t<header class=\"wp-show-posts-entry-header\">\n\t\t\t\t\t\t\t<h3 class=\"wp-show-posts-entry-title\" itemprop=\"headline\"><a href=\"https:\/\/ladamedulac.com\/index.php\/activite\/stand-up-paddle-racing\/\" rel=\"bookmark\">Stand Up Paddle racing<\/a><\/h3><div class=\"wp-show-posts-entry-meta wp-show-posts-entry-meta-below-title post-meta-inline\"><span class=\"wp-show-posts-posted-on wp-show-posts-meta\">\n\t\t\t\t\t<a href=\"https:\/\/ladamedulac.com\/index.php\/activite\/stand-up-paddle-racing\/\" title=\"8h00\" rel=\"bookmark\"><time class=\"wp-show-posts-entry-date published\" datetime=\"2025-08-20T08:00:00+00:00\" itemprop=\"datePublished\">20 ao\u00fbt 2025<\/time><time class=\"wp-show-posts-updated\" datetime=\"2025-08-20T08:11:02+00:00\" itemprop=\"dateModified\">20 ao\u00fbt 2025<\/time><\/a>\n\t\t\t\t<\/span><\/div>\t\t\t\t\t\t<\/header><!-- .entry-header -->\n\t\t\t\t\t\t\t\t\t\t\t<div class=\"wp-show-posts-entry-summary\" itemprop=\"text\">\n\t\t\t\t\t\t\t<p>650 m\u00e8tres vous s\u00e9pareront de la plage sous forme de grandes pelouses et pontons. Un stand up paddle gonflable ITIWIT&#8230;<\/p>\n\t\t\t\t\t\t<\/div><!-- .entry-summary -->\n\t\t\t\t\t<div class=\"wpsp-read-more\"><a title=\"Stand Up Paddle racing\" class=\"wp-show-posts-read-more\" href=\"https:\/\/ladamedulac.com\/index.php\/activite\/stand-up-paddle-racing\/\">En savoir plus<\/a><\/div><\/div><!-- wp-show-posts-inner --><\/article><article class=\" wp-show-posts-single post-392 activite type-activite status-publish has-post-thumbnail hentry wpsp-col-4\" itemtype=\"http:\/\/schema.org\/CreativeWork\" itemscope><div class=\"wp-show-posts-inner\" style=\"\">\t\t<div class=\"wp-show-posts-image  wpsp-image-center \">\n\t\t\t<a href=\"https:\/\/ladamedulac.com\/index.php\/activite\/stand-up-paddle-decouverte\/\"  title=\"Stand up paddle d\u00e9couverte\"><img loading=\"lazy\" decoding=\"async\" width=\"1600\" height=\"1044\" src=\"https:\/\/ladamedulac.com\/wp-content\/uploads\/2025\/08\/Loisirs-21-1.jpg\" class=\"attachment-full size-full wp-post-image\" alt=\"\" itemprop=\"image\" srcset=\"https:\/\/ladamedulac.com\/wp-content\/uploads\/2025\/08\/Loisirs-21-1.jpg 1600w, https:\/\/ladamedulac.com\/wp-content\/uploads\/2025\/08\/Loisirs-21-1-300x196.jpg 300w, https:\/\/ladamedulac.com\/wp-content\/uploads\/2025\/08\/Loisirs-21-1-1024x668.jpg 1024w, https:\/\/ladamedulac.com\/wp-content\/uploads\/2025\/08\/Loisirs-21-1-768x501.jpg 768w, https:\/\/ladamedulac.com\/wp-content\/uploads\/2025\/08\/Loisirs-21-1-1536x1002.jpg 1536w, https:\/\/ladamedulac.com\/wp-content\/uploads\/2025\/08\/Loisirs-21-1-18x12.jpg 18w\" sizes=\"auto, (max-width: 1600px) 100vw, 1600px\" \/><\/a>\t\t<\/div>\n\t\t\t\t\t\t\t\t<header class=\"wp-show-posts-entry-header\">\n\t\t\t\t\t\t\t<h3 class=\"wp-show-posts-entry-title\" itemprop=\"headline\"><a href=\"https:\/\/ladamedulac.com\/index.php\/activite\/stand-up-paddle-decouverte\/\" rel=\"bookmark\">Stand up paddle d\u00e9couverte<\/a><\/h3><div class=\"wp-show-posts-entry-meta wp-show-posts-entry-meta-below-title post-meta-inline\"><span class=\"wp-show-posts-posted-on wp-show-posts-meta\">\n\t\t\t\t\t<a href=\"https:\/\/ladamedulac.com\/index.php\/activite\/stand-up-paddle-decouverte\/\" title=\"8h00\" rel=\"bookmark\"><time class=\"wp-show-posts-entry-date published\" datetime=\"2025-08-20T08:00:00+00:00\" itemprop=\"datePublished\">20 ao\u00fbt 2025<\/time><time class=\"wp-show-posts-updated\" datetime=\"2025-08-20T08:10:35+00:00\" itemprop=\"dateModified\">20 ao\u00fbt 2025<\/time><\/a>\n\t\t\t\t<\/span><\/div>\t\t\t\t\t\t<\/header><!-- .entry-header -->\n\t\t\t\t\t\t\t\t\t\t\t<div class=\"wp-show-posts-entry-summary\" itemprop=\"text\">\n\t\t\t\t\t\t\t<p>650m vous s\u00e9parerons de la plage sous forme de grandes pelouses et de pontons. Aussi, deux Stand Up Paddles d\u00e9di\u00e9s&#8230;<\/p>\n\t\t\t\t\t\t<\/div><!-- .entry-summary -->\n\t\t\t\t\t<div class=\"wpsp-read-more\"><a title=\"Stand up paddle d\u00e9couverte\" class=\"wp-show-posts-read-more\" href=\"https:\/\/ladamedulac.com\/index.php\/activite\/stand-up-paddle-decouverte\/\">En savoir plus<\/a><\/div><\/div><!-- wp-show-posts-inner --><\/article><article class=\" wp-show-posts-single post-394 activite type-activite status-publish has-post-thumbnail hentry wpsp-col-4\" itemtype=\"http:\/\/schema.org\/CreativeWork\" itemscope><div class=\"wp-show-posts-inner\" style=\"\">\t\t<div class=\"wp-show-posts-image  wpsp-image-center \">\n\t\t\t<a href=\"https:\/\/ladamedulac.com\/index.php\/activite\/kayak-fin-et-rapide\/\"  title=\"Kayak fin et rapide\"><img loading=\"lazy\" decoding=\"async\" width=\"1440\" height=\"760\" src=\"https:\/\/ladamedulac.com\/wp-content\/uploads\/2025\/08\/Loisirs-18-1-e1755596365516.jpg\" class=\"attachment-full size-full wp-post-image\" alt=\"\" itemprop=\"image\" srcset=\"https:\/\/ladamedulac.com\/wp-content\/uploads\/2025\/08\/Loisirs-18-1-e1755596365516.jpg 1440w, https:\/\/ladamedulac.com\/wp-content\/uploads\/2025\/08\/Loisirs-18-1-e1755596365516-300x158.jpg 300w, https:\/\/ladamedulac.com\/wp-content\/uploads\/2025\/08\/Loisirs-18-1-e1755596365516-1024x540.jpg 1024w, https:\/\/ladamedulac.com\/wp-content\/uploads\/2025\/08\/Loisirs-18-1-e1755596365516-768x405.jpg 768w, https:\/\/ladamedulac.com\/wp-content\/uploads\/2025\/08\/Loisirs-18-1-e1755596365516-18x10.jpg 18w\" sizes=\"auto, (max-width: 1440px) 100vw, 1440px\" \/><\/a>\t\t<\/div>\n\t\t\t\t\t\t\t\t<header class=\"wp-show-posts-entry-header\">\n\t\t\t\t\t\t\t<h3 class=\"wp-show-posts-entry-title\" itemprop=\"headline\"><a href=\"https:\/\/ladamedulac.com\/index.php\/activite\/kayak-fin-et-rapide\/\" rel=\"bookmark\">Kayak fin et rapide<\/a><\/h3><div class=\"wp-show-posts-entry-meta wp-show-posts-entry-meta-below-title post-meta-inline\"><span class=\"wp-show-posts-posted-on wp-show-posts-meta\">\n\t\t\t\t\t<a href=\"https:\/\/ladamedulac.com\/index.php\/activite\/kayak-fin-et-rapide\/\" title=\"7h00\" rel=\"bookmark\"><time class=\"wp-show-posts-entry-date published\" datetime=\"2025-08-20T07:00:00+00:00\" itemprop=\"datePublished\">20 ao\u00fbt 2025<\/time><time class=\"wp-show-posts-updated\" datetime=\"2025-08-20T08:11:31+00:00\" itemprop=\"dateModified\">20 ao\u00fbt 2025<\/time><\/a>\n\t\t\t\t<\/span><\/div>\t\t\t\t\t\t<\/header><!-- .entry-header -->\n\t\t\t\t\t\t\t\t\t\t\t<div class=\"wp-show-posts-entry-summary\" itemprop=\"text\">\n\t\t\t\t\t\t\t<p>650 m\u00e8tres vous s\u00e9pareront de la plage sous forme de grandes pelouses et de pontons. Le kayak de mer Laser&#8230;<\/p>\n\t\t\t\t\t\t<\/div><!-- .entry-summary -->\n\t\t\t\t\t<div class=\"wpsp-read-more\"><a title=\"Kayak fin et rapide\" class=\"wp-show-posts-read-more\" href=\"https:\/\/ladamedulac.com\/index.php\/activite\/kayak-fin-et-rapide\/\">En savoir plus<\/a><\/div><\/div><!-- wp-show-posts-inner --><\/article><article class=\" wp-show-posts-single post-402 activite type-activite status-publish has-post-thumbnail hentry wpsp-col-4\" itemtype=\"http:\/\/schema.org\/CreativeWork\" itemscope><div class=\"wp-show-posts-inner\" style=\"\">\t\t<div class=\"wp-show-posts-image  wpsp-image-center \">\n\t\t\t<a href=\"https:\/\/ladamedulac.com\/index.php\/activite\/remorque-enfants-pour-velo\/\"  title=\"Remorque enfants pour v\u00e9lo\"><img loading=\"lazy\" decoding=\"async\" width=\"519\" height=\"331\" src=\"https:\/\/ladamedulac.com\/wp-content\/uploads\/2025\/08\/remorque-velo.png\" class=\"attachment-full size-full wp-post-image\" alt=\"\" itemprop=\"image\" srcset=\"https:\/\/ladamedulac.com\/wp-content\/uploads\/2025\/08\/remorque-velo.png 519w, https:\/\/ladamedulac.com\/wp-content\/uploads\/2025\/08\/remorque-velo-300x191.png 300w, https:\/\/ladamedulac.com\/wp-content\/uploads\/2025\/08\/remorque-velo-18x12.png 18w\" sizes=\"auto, (max-width: 519px) 100vw, 519px\" \/><\/a>\t\t<\/div>\n\t\t\t\t\t\t\t\t<header class=\"wp-show-posts-entry-header\">\n\t\t\t\t\t\t\t<h3 class=\"wp-show-posts-entry-title\" itemprop=\"headline\"><a href=\"https:\/\/ladamedulac.com\/index.php\/activite\/remorque-enfants-pour-velo\/\" rel=\"bookmark\">Remorque enfants pour v\u00e9lo<\/a><\/h3><div class=\"wp-show-posts-entry-meta wp-show-posts-entry-meta-below-title post-meta-inline\"><span class=\"wp-show-posts-posted-on wp-show-posts-meta\">\n\t\t\t\t\t<a href=\"https:\/\/ladamedulac.com\/index.php\/activite\/remorque-enfants-pour-velo\/\" title=\"12h08\" rel=\"bookmark\"><time class=\"wp-show-posts-entry-date published\" datetime=\"2025-08-19T12:08:39+00:00\" itemprop=\"datePublished\">19 ao\u00fbt 2025<\/time><\/a>\n\t\t\t\t<\/span><\/div>\t\t\t\t\t\t<\/header><!-- .entry-header -->\n\t\t\t\t\t\t\t\t\t\t\t<div class=\"wp-show-posts-entry-summary\" itemprop=\"text\">\n\t\t\t\t\t\t\t<p>Vous disposerez gracieusement d&rsquo;une remorque v\u00e9lo Bike Original pour deux enfants.<\/p>\n\t\t\t\t\t\t<\/div><!-- .entry-summary -->\n\t\t\t\t\t<div class=\"wpsp-read-more\"><a title=\"Remorque enfants pour v\u00e9lo\" class=\"wp-show-posts-read-more\" href=\"https:\/\/ladamedulac.com\/index.php\/activite\/remorque-enfants-pour-velo\/\">En savoir plus<\/a><\/div><\/div><!-- wp-show-posts-inner --><\/article><article class=\" wp-show-posts-single post-400 activite type-activite status-publish has-post-thumbnail hentry wpsp-col-4\" itemtype=\"http:\/\/schema.org\/CreativeWork\" itemscope><div class=\"wp-show-posts-inner\" style=\"\">\t\t<div class=\"wp-show-posts-image  wpsp-image-center \">\n\t\t\t<a href=\"https:\/\/ladamedulac.com\/index.php\/activite\/first-22-voilier-habitable-rapide-et-facile\/\"  title=\"First 22 : Voilier habitable rapide et facile\"><img loading=\"lazy\" decoding=\"async\" width=\"1080\" height=\"619\" src=\"https:\/\/ladamedulac.com\/wp-content\/uploads\/2025\/08\/Loisirs-06_cr.jpg\" class=\"attachment-full size-full wp-post-image\" alt=\"\" itemprop=\"image\" srcset=\"https:\/\/ladamedulac.com\/wp-content\/uploads\/2025\/08\/Loisirs-06_cr.jpg 1080w, https:\/\/ladamedulac.com\/wp-content\/uploads\/2025\/08\/Loisirs-06_cr-300x172.jpg 300w, https:\/\/ladamedulac.com\/wp-content\/uploads\/2025\/08\/Loisirs-06_cr-1024x587.jpg 1024w, https:\/\/ladamedulac.com\/wp-content\/uploads\/2025\/08\/Loisirs-06_cr-768x440.jpg 768w, https:\/\/ladamedulac.com\/wp-content\/uploads\/2025\/08\/Loisirs-06_cr-18x10.jpg 18w\" sizes=\"auto, (max-width: 1080px) 100vw, 1080px\" \/><\/a>\t\t<\/div>\n\t\t\t\t\t\t\t\t<header class=\"wp-show-posts-entry-header\">\n\t\t\t\t\t\t\t<h3 class=\"wp-show-posts-entry-title\" itemprop=\"headline\"><a href=\"https:\/\/ladamedulac.com\/index.php\/activite\/first-22-voilier-habitable-rapide-et-facile\/\" rel=\"bookmark\">First 22 : Voilier habitable rapide et facile<\/a><\/h3><div class=\"wp-show-posts-entry-meta wp-show-posts-entry-meta-below-title post-meta-inline\"><span class=\"wp-show-posts-posted-on wp-show-posts-meta\">\n\t\t\t\t\t<a href=\"https:\/\/ladamedulac.com\/index.php\/activite\/first-22-voilier-habitable-rapide-et-facile\/\" title=\"11h28\" rel=\"bookmark\"><time class=\"wp-show-posts-entry-date published\" datetime=\"2025-08-19T11:28:41+00:00\" itemprop=\"datePublished\">19 ao\u00fbt 2025<\/time><\/a>\n\t\t\t\t<\/span><\/div>\t\t\t\t\t\t<\/header><!-- .entry-header -->\n\t\t\t\t\t\t\t\t\t\t\t<div class=\"wp-show-posts-entry-summary\" itemprop=\"text\">\n\t\t\t\t\t\t\t<p>Si vous avez une licence d&rsquo;une f\u00e9d\u00e9ration de voile avec une exp\u00e9rience en habitable ou en quillard, une exp\u00e9rience de&#8230;<\/p>\n\t\t\t\t\t\t<\/div><!-- .entry-summary -->\n\t\t\t\t\t<div class=\"wpsp-read-more\"><a title=\"First 22 : Voilier habitable rapide et facile\" class=\"wp-show-posts-read-more\" href=\"https:\/\/ladamedulac.com\/index.php\/activite\/first-22-voilier-habitable-rapide-et-facile\/\">En savoir plus<\/a><\/div><\/div><!-- wp-show-posts-inner --><\/article><div class=\"wpsp-clear\"><\/div><\/section><!-- .wp-show-posts -->\n","protected":false},"excerpt":{"rendered":"<p>A moins de 300m de la piste cyclable qui fait le tour du Lac et relie Annecy \u00e0 Albertville, les d\u00e9placements en v\u00e9lo sont une habitude quotidienne. 650m vous s\u00e9parerons de la plage sous forme de grandes pelouses et de pontons. Au pied des Bauges, du Semnoz et du Beaufortain, les possibilit\u00e9s d&rsquo;activit\u00e9s de loisirs [&hellip;]<\/p>\n","protected":false},"author":1,"featured_media":0,"parent":0,"menu_order":0,"comment_status":"closed","ping_status":"closed","template":"","meta":{"_glsr_average":0,"_glsr_ranking":0,"_glsr_reviews":0,"footnotes":"","_links_to":"","_links_to_target":""},"class_list":["post-415","page","type-page","status-publish","hentry"],"_links":{"self":[{"href":"https:\/\/ladamedulac.com\/index.php\/wp-json\/wp\/v2\/pages\/415","targetHints":{"allow":["GET"]}}],"collection":[{"href":"https:\/\/ladamedulac.com\/index.php\/wp-json\/wp\/v2\/pages"}],"about":[{"href":"https:\/\/ladamedulac.com\/index.php\/wp-json\/wp\/v2\/types\/page"}],"author":[{"embeddable":true,"href":"https:\/\/ladamedulac.com\/index.php\/wp-json\/wp\/v2\/users\/1"}],"replies":[{"embeddable":true,"href":"https:\/\/ladamedulac.com\/index.php\/wp-json\/wp\/v2\/comments?post=415"}],"version-history":[{"count":1,"href":"https:\/\/ladamedulac.com\/index.php\/wp-json\/wp\/v2\/pages\/415\/revisions"}],"predecessor-version":[{"id":416,"href":"https:\/\/ladamedulac.com\/index.php\/wp-json\/wp\/v2\/pages\/415\/revisions\/416"}],"wp:attachment":[{"href":"https:\/\/ladamedulac.com\/index.php\/wp-json\/wp\/v2\/media?parent=415"}],"curies":[{"name":"wp","href":"https:\/\/api.w.org\/{rel}","templated":true}]}}