{"id":435,"date":"2025-08-20T14:48:46","date_gmt":"2025-08-20T14:48:46","guid":{"rendered":"http:\/\/chnproz.cluster100.hosting.ovh.net\/?page_id=435"},"modified":"2025-08-20T14:48:46","modified_gmt":"2025-08-20T14:48:46","slug":"la-villa","status":"publish","type":"page","link":"https:\/\/ladamedulac.com\/index.php\/la-villa\/","title":{"rendered":"La villa"},"content":{"rendered":"\n<p>Nous sommes tr\u00e8s heureux de vous accueillir dans notre r\u00e9sidence principale \u00e0 Sevrier entre Les Bauges, le Semnoz et le Lac d\u2019Annecy. Infatigables voyageurs, nous sommes souvent absents, aussi nous avons souhait\u00e9 partager avec vous notre camp de base dans cette r\u00e9gion que nous aimons tant. Nous l\u2019avons nomm\u00e9 La Dame du Lac, une l\u00e9gende locale forg\u00e9e dans l\u2019amour. Elle est \u00e0 lou\u00e9e enti\u00e8rement dans le menu : Louer la villa.<\/p>\n\n\n\n<p>Quand nous sommes pr\u00e9sents nous vous accueillons en tant qu&rsquo;h\u00f4tes. Deux espaces vous sont r\u00e9serv\u00e9s une chambre double et l&rsquo;ensemble du dernier \u00e9tage en esprit penthouse \u00e0 privatiser ou \u00e0 occuper en dortoir de quatre selon votre d\u00e9sir. Nous pr\u00e9parerons vos petits d\u00e9jeuners. Une fois par semaine un d\u00eener est propos\u00e9 pour magnifier les plats savoyards.<\/p>\n\n\n\n<p>Nous avons con\u00e7u ce lieu pour y vivre comme pour y recevoir, m\u00eame en notre absence. En esp\u00e9rant que vous puissiez l\u2019appr\u00e9cier autant que nous l\u2019aimons. Vous disposerez de vos espaces totalement libres.<\/p>\n","protected":false},"excerpt":{"rendered":"<p>Nous sommes tr\u00e8s heureux de vous accueillir dans notre r\u00e9sidence principale \u00e0 Sevrier entre Les Bauges, le Semnoz et le Lac d\u2019Annecy. Infatigables voyageurs, nous sommes souvent absents, aussi nous avons souhait\u00e9 partager avec vous notre camp de base dans cette r\u00e9gion que nous aimons tant. Nous l\u2019avons nomm\u00e9 La Dame du Lac, une l\u00e9gende [&hellip;]<\/p>\n","protected":false},"author":1,"featured_media":0,"parent":0,"menu_order":0,"comment_status":"closed","ping_status":"closed","template":"","meta":{"_glsr_average":0,"_glsr_ranking":0,"_glsr_reviews":0,"footnotes":"","_links_to":"","_links_to_target":""},"class_list":["post-435","page","type-page","status-publish","hentry"],"_links":{"self":[{"href":"https:\/\/ladamedulac.com\/index.php\/wp-json\/wp\/v2\/pages\/435","targetHints":{"allow":["GET"]}}],"collection":[{"href":"https:\/\/ladamedulac.com\/index.php\/wp-json\/wp\/v2\/pages"}],"about":[{"href":"https:\/\/ladamedulac.com\/index.php\/wp-json\/wp\/v2\/types\/page"}],"author":[{"embeddable":true,"href":"https:\/\/ladamedulac.com\/index.php\/wp-json\/wp\/v2\/users\/1"}],"replies":[{"embeddable":true,"href":"https:\/\/ladamedulac.com\/index.php\/wp-json\/wp\/v2\/comments?post=435"}],"version-history":[{"count":1,"href":"https:\/\/ladamedulac.com\/index.php\/wp-json\/wp\/v2\/pages\/435\/revisions"}],"predecessor-version":[{"id":436,"href":"https:\/\/ladamedulac.com\/index.php\/wp-json\/wp\/v2\/pages\/435\/revisions\/436"}],"wp:attachment":[{"href":"https:\/\/ladamedulac.com\/index.php\/wp-json\/wp\/v2\/media?parent=435"}],"curies":[{"name":"wp","href":"https:\/\/api.w.org\/{rel}","templated":true}]}}