{"id":525,"date":"2025-08-21T17:42:29","date_gmt":"2025-08-21T17:42:29","guid":{"rendered":"http:\/\/chnproz.cluster100.hosting.ovh.net\/?page_id=525"},"modified":"2025-08-21T17:46:41","modified_gmt":"2025-08-21T17:46:41","slug":"livre-dor","status":"publish","type":"page","link":"https:\/\/ladamedulac.com\/index.php\/livre-dor\/","title":{"rendered":"Livre d&rsquo;Or"},"content":{"rendered":"<h2>Partagez votre exp\u00e9rience<\/h2>\n<p>Votre avis est pr\u00e9cieux pour nous ! Merci de prendre un instant pour partager votre s\u00e9jour.<\/p>\n<div class=\"shortcode-site-reviews-form\"><div class=\"glsr glsr-default\" id=\"glsr_n4l17cwf\" data-from=\"shortcode\" data-shortcode=\"site_reviews_form\"><div class=\"glsr-form-wrap\">\n    <form class=\"glsr-form glsr-review-form\" method=\"post\" enctype=\"multipart\/form-data\">\n        <input type=\"hidden\" name=\"site-reviews[_action]\" value=\"submit-review\" \/>\n<input type=\"hidden\" name=\"site-reviews[_nonce]\" value=\"8c486cf487\" \/>\n<input type=\"hidden\" name=\"site-reviews[_post_id]\" value=\"525\" \/>\n<input type=\"hidden\" name=\"site-reviews[_referer]\" value=\"\" \/>\n<input type=\"hidden\" name=\"site-reviews[assigned_posts]\" value=\"\" \/>\n<input type=\"hidden\" name=\"site-reviews[assigned_terms]\" value=\"\" \/>\n<input type=\"hidden\" name=\"site-reviews[assigned_users]\" value=\"\" \/>\n<input type=\"hidden\" name=\"site-reviews[excluded]\" value=\"\" \/>\n<input type=\"hidden\" name=\"site-reviews[form_id]\" value=\"glsr_n4l17cwf\" \/>\n<input type=\"hidden\" name=\"site-reviews[form_signature]\" value=\"VCUx6bd3jARusTNvf1NefD8On_6toKNH8XRzKbwOZrPlSDLNIK9jtOrDgZmFM_CnirvwTCbwFQmyYIrYO2cm__eqsi933Oj2ht21ZhNqpb6xPQu697i6vc8S0_lHhZAQZDIi9ElCJ27lNoR-JJLpgwra1vhq_rpFoPO9jBASeB9t-541IDCW12WZFogudRYhAXBKdeQc64-wbT2qbw-_XMPl8kln-DGEa4H8aifNnRLOyOw9Dqk-rVu0ZQX4crmvJ9ewTpczwsMAqG3KCd0h5DqphX0WDnVwLCNGOMuEcgxCulcjQHQV8NEyUXJFLn3oMrrF0PCidm0B_ancvO4-HAuY6VA4ZeO4PBRyNL78l-iY_4p4iF5L0Pfu8PP-GhK6Bn3QCS5Mt_uek0fSJZBf6FaYmrND4VyqKFBFBewomMoZzRtTR4JNpHJKTw\" \/>\n<input type=\"hidden\" name=\"site-reviews[terms_exist]\" value=\"1\" \/>\n<div class=\"glsr-field\" style=\"display:none;\"><label for=\"site-reviews-229102fb-glsr_n4l17cwf\">Votre avis<\/label><input type=\"text\" class=\"glsr-input glsr-input-text\" id=\"site-reviews-229102fb-glsr_n4l17cwf\" name=\"site-reviews[229102fb]\" value=\"\" \/><\/div>\n<div class=\"glsr-field glsr-field-rating glsr-required\" data-field=\"rating\" data-type=\"rating\">\n    <label class=\"glsr-label\" for=\"glsr_n4l17cwf-rating\">\n    <span>Votre note globale<\/span>\n<\/label>\n    <select class=\"browser-default disable-select glsr-select no-wrap no_wrap\" id=\"glsr_n4l17cwf-rating\" name=\"site-reviews[rating]\" required><option value=\"\">S\u00e9lectionnez une note<\/option><option value=\"5\">5 \u00e9toiles<\/option><option value=\"4\">4 \u00e9toiles<\/option><option value=\"3\">3 \u00e9toiles<\/option><option value=\"2\">2 \u00e9toiles<\/option><option value=\"1\">1 \u00e9toile<\/option><\/select>\n    <div class=\"glsr-field-error\"><\/div>\n<\/div>\n<div class=\"glsr-field glsr-field-text glsr-required\" data-field=\"title\" data-type=\"text\">\n    <label class=\"glsr-label\" for=\"glsr_n4l17cwf-title\">\n    <span>Titre de votre avis<\/span>\n<\/label>\n    <input type=\"text\" class=\"glsr-input glsr-input-text\" id=\"glsr_n4l17cwf-title\" name=\"site-reviews[title]\" required placeholder=\"R\u00e9sumez votre avis ou mettez en \u00e9vidence un d\u00e9tail int\u00e9ressant\" value=\"\" \/>\n    <div class=\"glsr-field-error\"><\/div>\n<\/div>\n<div class=\"glsr-field glsr-field-textarea glsr-required\" data-field=\"content\" data-type=\"textarea\">\n    <label class=\"glsr-label\" for=\"glsr_n4l17cwf-content\">\n    <span>Votre avis<\/span>\n<\/label>\n    <textarea class=\"glsr-textarea\" id=\"glsr_n4l17cwf-content\" name=\"site-reviews[content]\" required placeholder=\"Donnez votre avis\" rows=\"5\"><\/textarea>\n    <div class=\"glsr-field-error\"><\/div>\n<\/div>\n<div class=\"glsr-field glsr-field-text glsr-required\" data-field=\"name\" data-type=\"text\">\n    <label class=\"glsr-label\" for=\"glsr_n4l17cwf-name\">\n    <span>Votre nom<\/span>\n<\/label>\n    <input type=\"text\" class=\"glsr-input glsr-input-text\" id=\"glsr_n4l17cwf-name\" name=\"site-reviews[name]\" required placeholder=\"Donnez votre nom\" value=\"\" \/>\n    <div class=\"glsr-field-error\"><\/div>\n<\/div>\n<div class=\"glsr-field glsr-field-email glsr-required\" data-field=\"email\" data-type=\"email\">\n    <label class=\"glsr-label\" for=\"glsr_n4l17cwf-email\">\n    <span>Votre e-mail<\/span>\n<\/label>\n    <input type=\"email\" class=\"glsr-input glsr-input-email\" id=\"glsr_n4l17cwf-email\" name=\"site-reviews[email]\" required placeholder=\"Donnez votre e-mail\" value=\"\" \/>\n    <div class=\"glsr-field-error\"><\/div>\n<\/div>\n<div class=\"glsr-field glsr-field-choice glsr-required\" data-field=\"terms\" data-type=\"toggle\">\n    \n    <div class=\"glsr-field-subgroup\">\n        <span class=\"glsr-field-toggle\">\n    <span>\n        <span class=\"glsr-toggle\"><input type=\"checkbox\" class=\"glsr-input-toggle\" id=\"glsr_n4l17cwf-terms-1\" name=\"site-reviews[terms]\" required value=\"1\" \/><span class=\"glsr-toggle-track\"><\/span><\/span>\n    <\/span>\n    <label for=\"glsr_n4l17cwf-terms-1\">Cette note est fond\u00e9e sur ma propre exp\u00e9rience et mon v\u00e9ritable avis.<\/label>\n<\/span>\n    <\/div>\n    <div class=\"glsr-field-error\"><\/div>\n<\/div>\n        <div class=\"glsr-form-message\">\n    \n<\/div>\n        <div data-field=\"submit-button\">\n    <div class=\"wp-block-buttons is-layout-flex\">\n        <div class=\"wp-block-button\">\n            <button type=\"submit\" class=\"glsr-button wp-block-button__link wp-element-button\" aria-busy=\"false\" data-loading=\"Submitting, please wait...\">Envoyer un avis<\/button>\n        <\/div>\n    <\/div>\n<\/div><div class=\"glsr-captcha-holder\"><\/div>\n    <\/form>\n<\/div><\/div><\/div>\n<hr \/>\n<h2>Ils nous ont fait confiance<\/h2>\n<div class=\"shortcode-site-reviews\"><div class=\"glsr glsr-default\" id=\"glsr_diwdx3i5\" data-from=\"shortcode\" data-shortcode=\"site_reviews\"><div class=\"glsr-reviews-wrap\">\n    <div class=\"glsr-reviews\">\n        <div class=\"glsr-review\" data-id=\"644\" data-type=\"local\" id=\"review-644\" data-assigned='[]'>\n    <div class=\"glsr-review-title\"><h4 class=\"glsr-tag-value\">TRES BON S\u00c9JOUR<\/h4><\/div>\n    <div class=\"glsr-review-rating\"><div class=\"glsr-star-rating glsr-stars\" role=\"img\" aria-label=\"Rated 5 out of 5 stars\" data-rating=\"5\" data-reviews=\"0\"><span class=\"glsr-star glsr-star-full\" aria-hidden=\"true\"><\/span><span class=\"glsr-star glsr-star-full\" aria-hidden=\"true\"><\/span><span class=\"glsr-star glsr-star-full\" aria-hidden=\"true\"><\/span><span class=\"glsr-star glsr-star-full\" aria-hidden=\"true\"><\/span><span class=\"glsr-star glsr-star-full\" aria-hidden=\"true\"><\/span><\/div><\/div> <div class=\"glsr-review-date\"><span class=\"glsr-tag-value\">il y a 3 semaines<\/span><\/div>\n    \n    <div class=\"glsr-review-content\"><div class=\"glsr-tag-value\" data-expanded=\"false\"><p>J&#8217;ai pass\u00e9 2 jours dans une maison tr\u00e8s calme et tr\u00e8s propre proche du lac \u00e0 pied.<\/p>\n<p>Le propri\u00e9taire St\u00e9phane est \u00e0 vos petits soins<\/p>\n<p>Je recommande vivement cet endroit<\/p><\/div><\/div>\n    <div class=\"glsr-review-avatar\"><img decoding=\"async\" style=\"width:40px; height:40px;\" alt=\"Avatar de Thierry Fremeau\" height=\"80\" loading=\"lazy\" src=\"https:\/\/secure.gravatar.com\/avatar\/4e246b41c04783a0f2067c9bfe639ca6beff6cf504181dfc16d4c988a48682bd?s=80&#038;d=mm&#038;r=g\" width=\"80\" \/><\/div>\n    <div class=\"glsr-review-author\"><span class=\"glsr-tag-value\">Thierry Fremeau<\/span><\/div>  \n    \n<\/div>\n<div class=\"glsr-review\" data-id=\"639\" data-type=\"local\" id=\"review-639\" data-assigned='[]'>\n    <div class=\"glsr-review-title\"><h4 class=\"glsr-tag-value\">Retour 29 novembre 2025<\/h4><\/div>\n    <div class=\"glsr-review-rating\"><div class=\"glsr-star-rating glsr-stars\" role=\"img\" aria-label=\"Rated 5 out of 5 stars\" data-rating=\"5\" data-reviews=\"0\"><span class=\"glsr-star glsr-star-full\" aria-hidden=\"true\"><\/span><span class=\"glsr-star glsr-star-full\" aria-hidden=\"true\"><\/span><span class=\"glsr-star glsr-star-full\" aria-hidden=\"true\"><\/span><span class=\"glsr-star glsr-star-full\" aria-hidden=\"true\"><\/span><span class=\"glsr-star glsr-star-full\" aria-hidden=\"true\"><\/span><\/div><\/div> <div class=\"glsr-review-date\"><span class=\"glsr-tag-value\">il y a 4 mois<\/span><\/div>\n    \n    <div class=\"glsr-review-content\"><div class=\"glsr-tag-value\" data-expanded=\"false\"><p>Un accueil adaptable \u00e0 200% h\u00f4te sur mesure bravo pour votre engagement<\/p>\n<p>Tr\u00e8s bon s\u00e9jour<\/p>\n<p>Merci<\/p>\n<p>Emilie<\/p><\/div><\/div>\n    <div class=\"glsr-review-avatar\"><img decoding=\"async\" style=\"width:40px; height:40px;\" alt=\"Avatar de Emilie\" height=\"80\" loading=\"lazy\" src=\"https:\/\/secure.gravatar.com\/avatar\/9584025c8b7d572ac288c68f2665d22bedf31808a52a044fd11aea3d902c1b6b?s=80&#038;d=mm&#038;r=g\" width=\"80\" \/><\/div>\n    <div class=\"glsr-review-author\"><span class=\"glsr-tag-value\">Emilie<\/span><\/div>  \n    \n<\/div>\n<div class=\"glsr-review\" data-id=\"599\" data-type=\"local\" id=\"review-599\" data-assigned='[]'>\n    <div class=\"glsr-review-title\"><h4 class=\"glsr-tag-value\">S\u00e9jour tr\u00e8s confortable et reposant entre lac et montagnes.<\/h4><\/div>\n    <div class=\"glsr-review-rating\"><div class=\"glsr-star-rating glsr-stars\" role=\"img\" aria-label=\"Rated 5 out of 5 stars\" data-rating=\"5\" data-reviews=\"0\"><span class=\"glsr-star glsr-star-full\" aria-hidden=\"true\"><\/span><span class=\"glsr-star glsr-star-full\" aria-hidden=\"true\"><\/span><span class=\"glsr-star glsr-star-full\" aria-hidden=\"true\"><\/span><span class=\"glsr-star glsr-star-full\" aria-hidden=\"true\"><\/span><span class=\"glsr-star glsr-star-full\" aria-hidden=\"true\"><\/span><\/div><\/div> <div class=\"glsr-review-date\"><span class=\"glsr-tag-value\">il y a 5 mois<\/span><\/div>\n    \n    <div class=\"glsr-review-content\"><div class=\"glsr-tag-value\" data-expanded=\"false\"><p class=\"glsr-hidden-text\" data-show-less=\"Afficher moins\" data-show-more=\"Afficher plus\" data-trigger=\"expand\">Nous avons pass\u00e9 quelques jours splendides dans Le Dame du Lac. Les h\u00f4tes sont vraiment tr\u00e8s accueillants et toujours d\u00e9sireux de conseiller les meilleurs endroits pour profiter du lac, du cyclisme et de la randonn\u00e9e, \u00e9tant eux-m\u00eames passionn\u00e9s par les activit\u00e9s nature. Notre chambre \u00e9tait toute r\u00e9cente, tr\u00e8s chaleureuse et confortable, avec plein d\u2019espace<span class=\"glsr-hidden\"> pour travailler ou lire tranquillement \u00e0 deux, un bon bureau et un coin salon s\u00e9par\u00e9; tr\u00e8s bien meubl\u00e9e, \u00e0 un lavabo et dispose d\u2019une machine \u00e0 caf\u00e9. Un grand balcon offrait une vue sur la montagne en face &#8211; on entend les oiseaux le matin. Le petit-d\u00e9jeuner \u00e9tait excellent. L\u2019emplacement est id\u00e9al \u2014 tr\u00e8s proche du lac et des villages environnants pour ceux qui aiment \u00eatre en plein air. Avec les v\u00e9los mis \u00e0 disposition, vous pouvez facilement explorer la ville d\u2019Annecy, et rejoindre les contreforts au d\u00e9but des sentiers de randonn\u00e9es offrant des vues spectaculaires et changeantes sur le lac et les majestueuses montagnes \u00e0 la lisi\u00e8re des Alpes.<\/span><\/p>\n<p class=\"glsr-hidden\">Merci \u00e0 vous deux pour ce s\u00e9jour si plaisant et aussi pour une soir\u00e9e tr\u00e8s agr\u00e9able pass\u00e9e ensemble. Nous avons tr\u00e8s envie de revenir chez vous lors de notre prochain s\u00e9jour.<\/p><\/div><\/div>\n    <div class=\"glsr-review-avatar\"><img decoding=\"async\" style=\"width:40px; height:40px;\" alt=\"Avatar de Sophia\" height=\"80\" loading=\"lazy\" src=\"https:\/\/secure.gravatar.com\/avatar\/7829d6e189901567b8f32621516e40cf84a7892553584566941e54bed0c7c660?s=80&#038;d=mm&#038;r=g\" width=\"80\" \/><\/div>\n    <div class=\"glsr-review-author\"><span class=\"glsr-tag-value\">Sophia<\/span><\/div>  \n    \n<\/div>\n<div class=\"glsr-review\" data-id=\"592\" data-type=\"local\" id=\"review-592\" data-assigned='[]'>\n    <div class=\"glsr-review-title\"><h4 class=\"glsr-tag-value\">Convivialit\u00e9 et disponibilit\u00e9!<\/h4><\/div>\n    <div class=\"glsr-review-rating\"><div class=\"glsr-star-rating glsr-stars\" role=\"img\" aria-label=\"Rated 5 out of 5 stars\" data-rating=\"5\" data-reviews=\"0\"><span class=\"glsr-star glsr-star-full\" aria-hidden=\"true\"><\/span><span class=\"glsr-star glsr-star-full\" aria-hidden=\"true\"><\/span><span class=\"glsr-star glsr-star-full\" aria-hidden=\"true\"><\/span><span class=\"glsr-star glsr-star-full\" aria-hidden=\"true\"><\/span><span class=\"glsr-star glsr-star-full\" aria-hidden=\"true\"><\/span><\/div><\/div> <div class=\"glsr-review-date\"><span class=\"glsr-tag-value\">il y a 5 mois<\/span><\/div>\n    \n    <div class=\"glsr-review-content\"><div class=\"glsr-tag-value\" data-expanded=\"false\"><p>Christelle et St\u00e9phane vous accueille comme \u00e0 la maison.<\/p>\n<p>Ils sont disponibles et aux petits soins pour leurs h\u00f4tes.<\/p>\n<p class=\"glsr-hidden-text\" data-show-less=\"Afficher moins\" data-show-more=\"Afficher plus\" data-trigger=\"expand\">Du mat\u00e9riel est mis \u00e0 disposition gracieusement (v\u00e9lo..). Le temps \u00e9tant pluvieux, St\u00e9phane m&#8217;a m\u00eame pr\u00eat\u00e9 une veste en Gore-Tex et un sac \u00e0 dos pour que ma balade en v\u00e9lo se passe pou<span class=\"glsr-hidden\">r le mieux.<\/span><\/p>\n<p class=\"glsr-hidden\">Le petit d\u00e9jeuner est tr\u00e8s bien et copieux.<\/p>\n<p class=\"glsr-hidden\">J&#8217;ai pass\u00e9 une tr\u00e8s bonne soir\u00e9e avec Christelle et St\u00e9phane autour d&#8217;un repas savoyard pr\u00e9par\u00e9 sur place avec des mati\u00e8res premi\u00e8res locales.<\/p>\n<p class=\"glsr-hidden\">Ils nous mettent tr\u00e8s rapidement \u00e0 l&#8217;aise et la soir\u00e9e s&#8217;est pass\u00e9e comme \u00e0 la maison, entre amis, avec beaucoup d&#8217;\u00e9changes et de convivialit\u00e9.<\/p>\n<p class=\"glsr-hidden\">La maison est tr\u00e8s bien plac\u00e9e et proche du lac d&#8217;Annecy.<\/p>\n<p class=\"glsr-hidden\">Je recommande.<\/p><\/div><\/div>\n    <div class=\"glsr-review-avatar\"><img decoding=\"async\" style=\"width:40px; height:40px;\" alt=\"Avatar de Didier\" height=\"80\" loading=\"lazy\" src=\"https:\/\/secure.gravatar.com\/avatar\/b0713ba514c8e0d80dd54e51744f6a8687ba231f83ebfaf3244ee2d756790b87?s=80&#038;d=mm&#038;r=g\" width=\"80\" \/><\/div>\n    <div class=\"glsr-review-author\"><span class=\"glsr-tag-value\">Didier<\/span><\/div>  \n    \n<\/div>\n<div class=\"glsr-review\" data-id=\"590\" data-type=\"local\" id=\"review-590\" data-assigned='[]'>\n    <div class=\"glsr-review-title\"><h4 class=\"glsr-tag-value\">Parfait.<\/h4><\/div>\n    <div class=\"glsr-review-rating\"><div class=\"glsr-star-rating glsr-stars\" role=\"img\" aria-label=\"Rated 5 out of 5 stars\" data-rating=\"5\" data-reviews=\"0\"><span class=\"glsr-star glsr-star-full\" aria-hidden=\"true\"><\/span><span class=\"glsr-star glsr-star-full\" aria-hidden=\"true\"><\/span><span class=\"glsr-star glsr-star-full\" aria-hidden=\"true\"><\/span><span class=\"glsr-star glsr-star-full\" aria-hidden=\"true\"><\/span><span class=\"glsr-star glsr-star-full\" aria-hidden=\"true\"><\/span><\/div><\/div> <div class=\"glsr-review-date\"><span class=\"glsr-tag-value\">il y a 5 mois<\/span><\/div>\n    \n    <div class=\"glsr-review-content\"><div class=\"glsr-tag-value\" data-expanded=\"false\"><p>Nous avons pass\u00e9 un s\u00e9jour merveilleux en septembre \u00e0 La Dame du Lac. La villa est superbement \u00e9quip\u00e9e, d\u2019une grande propret\u00e9, tr\u00e8s confortable et d\u00e9cor\u00e9e avec go\u00fbt. Son emplacement pr\u00e8s du lac est parfait pour profiter de ce dernier. La mise \u00e0 disposition des v\u00e9los et autre \u00e0 \u00e9t\u00e9 plus qu&#8217;appr\u00e9ci\u00e9e.<\/p>\n<p class=\"glsr-hidden-text\" data-show-less=\"Afficher moins\" data-show-more=\"Afficher plus\" data-trigger=\"expand\">Un grand m<span class=\"glsr-hidden\">erci pour cette parenth\u00e8se ressour\u00e7ante ! Nous reviendrons assur\u00e9ment.<\/span><\/p><\/div><\/div>\n    <div class=\"glsr-review-avatar\"><img decoding=\"async\" style=\"width:40px; height:40px;\" alt=\"Avatar de Mathis G.\" height=\"80\" loading=\"lazy\" src=\"https:\/\/secure.gravatar.com\/avatar\/caa8a20568bfa8348bba7a56d77d265ad5b1795d4f695beed57ebbd6a3567302?s=80&#038;d=mm&#038;r=g\" width=\"80\" \/><\/div>\n    <div class=\"glsr-review-author\"><span class=\"glsr-tag-value\">Mathis G.<\/span><\/div>  \n    \n<\/div>\n    <\/div>\n    \n<\/div><\/div><\/div>\n\n\n\n<p><\/p>\n","protected":false},"excerpt":{"rendered":"","protected":false},"author":1,"featured_media":527,"parent":0,"menu_order":0,"comment_status":"closed","ping_status":"closed","template":"","meta":{"_glsr_average":0,"_glsr_ranking":0,"_glsr_reviews":0,"footnotes":"","_links_to":"","_links_to_target":""},"class_list":["post-525","page","type-page","status-publish","has-post-thumbnail","hentry"],"_links":{"self":[{"href":"https:\/\/ladamedulac.com\/index.php\/wp-json\/wp\/v2\/pages\/525","targetHints":{"allow":["GET"]}}],"collection":[{"href":"https:\/\/ladamedulac.com\/index.php\/wp-json\/wp\/v2\/pages"}],"about":[{"href":"https:\/\/ladamedulac.com\/index.php\/wp-json\/wp\/v2\/types\/page"}],"author":[{"embeddable":true,"href":"https:\/\/ladamedulac.com\/index.php\/wp-json\/wp\/v2\/users\/1"}],"replies":[{"embeddable":true,"href":"https:\/\/ladamedulac.com\/index.php\/wp-json\/wp\/v2\/comments?post=525"}],"version-history":[{"count":1,"href":"https:\/\/ladamedulac.com\/index.php\/wp-json\/wp\/v2\/pages\/525\/revisions"}],"predecessor-version":[{"id":526,"href":"https:\/\/ladamedulac.com\/index.php\/wp-json\/wp\/v2\/pages\/525\/revisions\/526"}],"wp:featuredmedia":[{"embeddable":true,"href":"https:\/\/ladamedulac.com\/index.php\/wp-json\/wp\/v2\/media\/527"}],"wp:attachment":[{"href":"https:\/\/ladamedulac.com\/index.php\/wp-json\/wp\/v2\/media?parent=525"}],"curies":[{"name":"wp","href":"https:\/\/api.w.org\/{rel}","templated":true}]}}